{"id":6644,"date":"2026-01-09T10:03:28","date_gmt":"2026-01-09T10:03:28","guid":{"rendered":"https:\/\/matt.moreau.formation-esiac.fr\/?page_id=6644"},"modified":"2026-01-09T10:14:36","modified_gmt":"2026-01-09T10:14:36","slug":"mention-legales","status":"publish","type":"page","link":"https:\/\/matt.moreau.formation-esiac.fr\/index.php\/mention-legales\/","title":{"rendered":"Mention L\u00e9gales"},"content":{"rendered":"\n<h1 class=\"wp-block-heading\">\u00c9diteur du site<\/h1>\n\n\n\n<p>Ce site est \u00e9dit\u00e9 par : MOREAU Matt<\/p>\n\n\n\n<p>Nom \/ Pseudonyme : MOREAU Matt<\/p>\n\n\n\n<p>Email de contact : MMOREAU11@cfai.formation-industries-pdl.fr<\/p>\n\n\n\n<h1 class=\"wp-block-heading\">H\u00e9bergement<\/h1>\n\n\n\n<p>Le site est h\u00e9berg\u00e9 par :<\/p>\n\n\n\n<p>H\u00e9bergeur : OVH<\/p>\n\n\n\n<p>Adresse : 2 Rue Kellermann, 59100 Roubaix<\/p>\n\n\n\n<p>T\u00e9l\u00e9phone : 09 72 10 10 07<\/p>\n\n\n\n<h1 class=\"wp-block-heading\">Propri\u00e9t\u00e9 intellectuelle<\/h1>\n\n\n\n<p>L\u2019ensemble des \u00e9l\u00e9ments pr\u00e9sents sur ce site (textes, images, photographies, projets, logos, illustrations, code, etc.) sont, sauf mention contraire, la propri\u00e9t\u00e9 exclusive de l\u2019\u00e9diteur. Toute reproduction, modification, distribution ou exploitation totale ou partielle du contenu du site, sans autorisation pr\u00e9alable, est strictement interdite.<\/p>\n\n\n\n<h1 class=\"wp-block-heading\">Donn\u00e9es personnelles<\/h1>\n\n\n\n<p>Ce site :<\/p>\n\n\n\n<p>&#8211; ne collecte aucune donn\u00e9e personnelle.<\/p>\n\n\n\n<p>Les informations communiqu\u00e9es par l\u2019utilisateur sont utilis\u00e9es uniquement pour permettre la prise de contact et ne sont ni stock\u00e9es durablement, ni transmises \u00e0 des tiers.<\/p>\n\n\n\n<p><strong>Pour exercer un droit de suppression ou de rectification :<\/strong><\/p>\n\n\n\n<p>Email : MMOREAU11@cfai.formation-industries-pdl.fr<\/p>\n\n\n\n<p>Limitation de responsabilit\u00e9<\/p>\n\n\n\n<p>L\u2019\u00e9diteur du site ne saurait \u00eatre tenu responsable :<\/p>\n\n\n\n<ul class=\"wp-block-list\">\n<li>des erreurs ou omissions dans les contenus pr\u00e9sents,<\/li>\n\n\n\n<li>d\u2019un \u00e9ventuel dysfonctionnement li\u00e9 au serveur ou \u00e0 l\u2019h\u00e9bergement,<\/li>\n\n\n\n<li>de l\u2019utilisation qui pourrait \u00eatre faite des informations pr\u00e9sentes sur le site par des tiers.<\/li>\n<\/ul>\n\n\n\n<h1 class=\"wp-block-heading\">Contact<\/h1>\n\n\n\n<p>Pour toute question ou demande concernant le site :<\/p>\n\n\n\n<p>Email : MMOREAU11@cfai.formation-industries-pdl.fr<\/p>\n\n\n\n<p><\/p>\n","protected":false},"excerpt":{"rendered":"<p>\u00c9diteur du site Ce site est \u00e9dit\u00e9 par : MOREAU Matt Nom \/ Pseudonyme : MOREAU Matt Email de contact : MMOREAU11@cfai.formation-industries-pdl.fr H\u00e9bergement Le site est h\u00e9berg\u00e9 par : H\u00e9bergeur : OVH Adresse : 2 Rue Kellermann, 59100 Roubaix T\u00e9l\u00e9phone : 09 72 10 10 07 Propri\u00e9t\u00e9 intellectuelle L\u2019ensemble des \u00e9l\u00e9ments pr\u00e9sents sur ce site [&hellip;]<\/p>\n","protected":false},"author":1,"featured_media":0,"parent":0,"menu_order":0,"comment_status":"closed","ping_status":"closed","template":"","meta":{"footnotes":""},"class_list":["post-6644","page","type-page","status-publish","hentry"],"_links":{"self":[{"href":"https:\/\/matt.moreau.formation-esiac.fr\/index.php\/wp-json\/wp\/v2\/pages\/6644","targetHints":{"allow":["GET"]}}],"collection":[{"href":"https:\/\/matt.moreau.formation-esiac.fr\/index.php\/wp-json\/wp\/v2\/pages"}],"about":[{"href":"https:\/\/matt.moreau.formation-esiac.fr\/index.php\/wp-json\/wp\/v2\/types\/page"}],"author":[{"embeddable":true,"href":"https:\/\/matt.moreau.formation-esiac.fr\/index.php\/wp-json\/wp\/v2\/users\/1"}],"replies":[{"embeddable":true,"href":"https:\/\/matt.moreau.formation-esiac.fr\/index.php\/wp-json\/wp\/v2\/comments?post=6644"}],"version-history":[{"count":3,"href":"https:\/\/matt.moreau.formation-esiac.fr\/index.php\/wp-json\/wp\/v2\/pages\/6644\/revisions"}],"predecessor-version":[{"id":6650,"href":"https:\/\/matt.moreau.formation-esiac.fr\/index.php\/wp-json\/wp\/v2\/pages\/6644\/revisions\/6650"}],"wp:attachment":[{"href":"https:\/\/matt.moreau.formation-esiac.fr\/index.php\/wp-json\/wp\/v2\/media?parent=6644"}],"curies":[{"name":"wp","href":"https:\/\/api.w.org\/{rel}","templated":true}]}}