{"id":6635,"date":"2025-12-20T13:50:05","date_gmt":"2025-12-20T13:50:05","guid":{"rendered":"https:\/\/matt.moreau.formation-esiac.fr\/?page_id=6635"},"modified":"2025-12-20T14:15:38","modified_gmt":"2025-12-20T14:15:38","slug":"entreprise-pedagogique","status":"publish","type":"page","link":"https:\/\/matt.moreau.formation-esiac.fr\/index.php\/entreprise-pedagogique\/","title":{"rendered":"Entreprise P\u00e9dagogique"},"content":{"rendered":"\n<div class=\"wp-block-cover is-light banner-wrap\" style=\"border-radius:20px;min-height:650px;aspect-ratio:unset;\"><span aria-hidden=\"true\" class=\"wp-block-cover__background has-background-dim-100 has-background-dim\" style=\"background-color:#f0efef\"><\/span><div class=\"wp-block-cover__inner-container is-layout-constrained wp-container-core-cover-is-layout-4f9f0532 wp-block-cover-is-layout-constrained\">\n<div class=\"wp-block-columns are-vertically-aligned-center banner-innerr is-layout-flex wp-container-core-columns-is-layout-28f84493 wp-block-columns-is-layout-flex\">\n<div class=\"wp-block-column is-vertically-aligned-center banner-image is-layout-flow wp-block-column-is-layout-flow\" style=\"flex-basis:50%\">\n<p>Au cours de nos deux ann\u00e9es de BTS SIO option SISR, nous avons cr\u00e9\u00e9 une entreprise p\u00e9dagogique afin de d\u00e9velopper un projet int\u00e9grant diff\u00e9rents \u00e9quipements.<\/p>\n\n\n\n<h2 class=\"wp-block-heading\">Pr\u00e9sentation :<\/h2>\n\n\n\n<p>Gr\u00e2ce \u00e0 cette entreprise p\u00e9dagogique, nous avons pu \u00e9tudier les aspects juridiques li\u00e9s \u00e0 la cr\u00e9ation d&#8217;entreprise. Nous avons analys\u00e9 les diff\u00e9rents statuts juridiques afin d&#8217;identifier celui qui correspondait le mieux \u00e0 notre projet, et nous avons d\u00e9couvert les formalit\u00e9s n\u00e9cessaires \u00e0 la cr\u00e9ation d&#8217;entreprise.<\/p>\n\n\n\n<p>Dans le cadre de cette entreprise p\u00e9dagogique, nous avons simul\u00e9 une intervention en tant que prestataire informatique charg\u00e9 d&#8217;accompagner l&#8217;entreprise Oasis dans la conception et la mise en place de son infrastructure informatique de base pour l&#8217;agence de Marseille, tout en assurant une interop\u00e9rabilit\u00e9 s\u00e9curis\u00e9e avec le si\u00e8ge parisien.<\/p>\n\n\n\n<p>Les attentes techniques de la direction portaient sur la centralisation des services, la virtualisation des ressources, la gestion des utilisateurs, la communication inter-sites, et la mise en place d&#8217;un environnement stable, \u00e9volutif et s\u00e9curis\u00e9, le tout dans un environnement de test isol\u00e9 avant d\u00e9ploiement r\u00e9el.<\/p>\n\n\n\n<h2 class=\"wp-block-heading\">Informations Entreprise :<\/h2>\n\n\n\n<p>Ci-dessous les liens concernant l&#8217;entreprise p\u00e9dagogique :<\/p>\n\n\n\n<p><strong>Site internet<\/strong>\u00a0:\u00a0<a href=\"http:\/\/ntxsystem.fr\/\">http:\/\/ntxsystem.fr\/<\/a><\/p>\n\n\n\n<p><strong>Contact<\/strong> : ntxsystem@proton.me<\/p>\n<\/div>\n<\/div>\n<\/div><\/div>\n","protected":false},"excerpt":{"rendered":"","protected":false},"author":1,"featured_media":0,"parent":0,"menu_order":0,"comment_status":"closed","ping_status":"closed","template":"","meta":{"footnotes":""},"class_list":["post-6635","page","type-page","status-publish","hentry"],"_links":{"self":[{"href":"https:\/\/matt.moreau.formation-esiac.fr\/index.php\/wp-json\/wp\/v2\/pages\/6635","targetHints":{"allow":["GET"]}}],"collection":[{"href":"https:\/\/matt.moreau.formation-esiac.fr\/index.php\/wp-json\/wp\/v2\/pages"}],"about":[{"href":"https:\/\/matt.moreau.formation-esiac.fr\/index.php\/wp-json\/wp\/v2\/types\/page"}],"author":[{"embeddable":true,"href":"https:\/\/matt.moreau.formation-esiac.fr\/index.php\/wp-json\/wp\/v2\/users\/1"}],"replies":[{"embeddable":true,"href":"https:\/\/matt.moreau.formation-esiac.fr\/index.php\/wp-json\/wp\/v2\/comments?post=6635"}],"version-history":[{"count":2,"href":"https:\/\/matt.moreau.formation-esiac.fr\/index.php\/wp-json\/wp\/v2\/pages\/6635\/revisions"}],"predecessor-version":[{"id":6639,"href":"https:\/\/matt.moreau.formation-esiac.fr\/index.php\/wp-json\/wp\/v2\/pages\/6635\/revisions\/6639"}],"wp:attachment":[{"href":"https:\/\/matt.moreau.formation-esiac.fr\/index.php\/wp-json\/wp\/v2\/media?parent=6635"}],"curies":[{"name":"wp","href":"https:\/\/api.w.org\/{rel}","templated":true}]}}